{"id":125,"date":"2024-09-05T15:36:29","date_gmt":"2024-09-05T15:36:29","guid":{"rendered":"https:\/\/www.fabjanbrewery.com\/?page_id=125"},"modified":"2024-10-12T11:51:41","modified_gmt":"2024-10-12T11:51:41","slug":"o-nas","status":"publish","type":"page","link":"https:\/\/www.fabjanbrewery.com\/?page_id=125","title":{"rendered":"O nas"},"content":{"rendered":"<p><section data-bb-version=\"4.9.1\" id=\"bt_bb_section69f1b7d98c848\" class=\"bt_bb_section bt_bb_layout_boxed_1400 bt_bb_top_spacing_normal bt_bb_bottom_spacing_normal\"  data-bt-override-class=\"{&quot;bt_bb_top_spacing_&quot;:{&quot;current_class&quot;:&quot;bt_bb_top_spacing_normal&quot;,&quot;def&quot;:&quot;normal&quot;},&quot;bt_bb_bottom_spacing_&quot;:{&quot;current_class&quot;:&quot;bt_bb_bottom_spacing_normal&quot;,&quot;def&quot;:&quot;normal&quot;}}\"><div class=\"bt_bb_port\"><div class=\"bt_bb_cell\"><div class=\"bt_bb_cell_inner\"><div class=\"bt_bb_row \"  data-bt-override-class=\"{}\"><div class=\"bt_bb_row_holder\" ><div data-bb-version=\"4.9.1\"  class=\"bt_bb_column col-xxl-4 col-xl-4 col-xs-12 col-sm-12 col-md-12 col-lg-4 bt_bb_vertical_align_top bt_bb_align_left bt_bb_padding_normal\" style=\"; --column-width:4;\" data-width=\"4\" data-bt-override-class=\"{&quot;bt_bb_align_&quot;:{&quot;current_class&quot;:&quot;bt_bb_align_left&quot;,&quot;def&quot;:&quot;left&quot;}}\"><div class=\"bt_bb_column_content\"><div class=\"bt_bb_column_content_inner\"><div data-bb-version=\"5.1.6\" class=\"bt_bb_css_image_grid bt_bb_columns_1 bt_bb_gap_no_gap bt_bb_shape_inherit bt_bb_animation_fade_in animate\" data-columns=\"1\"><div class=\"bt_bb_css_image_grid_content\"><div class=\"bt_bb_css_image_grid_item bt_bb_tile_format_11\" data-src-full=\"https:\/\/www.fabjanbrewery.com\/wp-content\/uploads\/2024\/09\/DSC09939-Copy-1-scaled.jpg\" title=\"DSC09939 - Copy (1)\"><div class=\"bt_bb_css_image_grid_item_inner\"><div class=\"bt_bb_css_image_grid_item_inner_image\"><img decoding=\"async\" src=\"https:\/\/www.fabjanbrewery.com\/wp-content\/uploads\/2024\/09\/DSC09939-Copy-1-1280x1968.jpg\" data-src-full=\"https:\/\/www.fabjanbrewery.com\/wp-content\/uploads\/2024\/09\/DSC09939-Copy-1-scaled.jpg\" title=\"DSC09939 - Copy (1)\" alt=\"DSC09939 - Copy (1)\"\/><\/div><div class=\"bt_bb_css_image_grid_item_inner_content\"><\/div><\/div><\/div><\/div><\/div><\/div><\/div><\/div><div data-bb-version=\"4.9.1\"  class=\"bt_bb_column col-xxl-4 col-xl-4 col-xs-12 col-sm-12 col-md-12 col-lg-4 bt_bb_vertical_align_middle bt_bb_align_right bt_bb_padding_normal\" style=\"; --column-width:4;\" data-width=\"4\" data-bt-override-class=\"{&quot;bt_bb_align_&quot;:{&quot;current_class&quot;:&quot;bt_bb_align_right&quot;,&quot;def&quot;:&quot;right&quot;}}\"><div class=\"bt_bb_column_content\"><div class=\"bt_bb_column_content_inner\"><div data-bb-version=\"4.9.1\" class=\"bt_bb_accordion bt_bb_style_outline bt_bb_shape_square\"><\/div><div data-bb-version=\"5.1.6\"  class=\"bt_bb_text bt_bb_animation_fade_in animate\" ><\/p>\n<h5 style=\"text-align: center\">Smo mini kraft pivovarna,<\/h5>\n<h5 style=\"text-align: center\">ki zdru\u017euje prijateljske du\u0161e katere vedo,<\/h5>\n<h5 style=\"text-align: center\">da je hladno in dobro pivo v pravi dru\u017ebi,<\/h5>\n<h5 style=\"text-align: center\">najbolj\u0161e<\/h5>\n<p>\u00a0<\/p>\n<p>\u00a0<\/p>\n<h5 style=\"text-align: center\">Naredili smo<\/h5>\n<h5 style=\"text-align: center\">svetlo, temno ter gold pivo Grizzly.<\/h5>\n<p>\u00a0<\/p>\n<p>\u00a0<\/p>\n<h5 style=\"text-align: center\">Grizzly<\/h5>\n<p>\u00a0<\/p>\n<h5 style=\"text-align: center\">Pivo s karakterjem.<\/h5>\n<h5><\/h5>\n<h5><\/h5>\n<p>\n<\/div><\/div><\/div><\/div><div data-bb-version=\"5.1.2\"  class=\"bt_bb_column col-xxl-4 col-xl-4 col-xs-12 col-sm-12 col-md-12 col-lg-4 bt_bb_vertical_align_top bt_bb_align_left bt_bb_padding_normal\" style=\"; --column-width:4;\" data-width=\"4\" data-bt-override-class=\"{}\"><div class=\"bt_bb_column_content\"><div class=\"bt_bb_column_content_inner\"><div data-bb-version=\"5.1.6\" class=\"bt_bb_css_image_grid bt_bb_columns_1 bt_bb_gap_no_gap bt_bb_shape_inherit bt_bb_animation_fade_in animate\" data-columns=\"1\"><div class=\"bt_bb_css_image_grid_content\"><div class=\"bt_bb_css_image_grid_item bt_bb_tile_format_11\" data-src-full=\"https:\/\/www.fabjanbrewery.com\/wp-content\/uploads\/2024\/09\/DSC09931-Copy-1-scaled.jpg\" title=\"DSC09931 - Copy (1)\"><div class=\"bt_bb_css_image_grid_item_inner\"><div class=\"bt_bb_css_image_grid_item_inner_image\"><img decoding=\"async\" src=\"https:\/\/www.fabjanbrewery.com\/wp-content\/uploads\/2024\/09\/DSC09931-Copy-1-1280x1926.jpg\" data-src-full=\"https:\/\/www.fabjanbrewery.com\/wp-content\/uploads\/2024\/09\/DSC09931-Copy-1-scaled.jpg\" title=\"DSC09931 - Copy (1)\" alt=\"DSC09931 - Copy (1)\"\/><\/div><div class=\"bt_bb_css_image_grid_item_inner_content\"><\/div><\/div><\/div><\/div><\/div><\/div><\/div><\/div><\/div><\/div><\/div><!-- cell_inner --><\/div><!-- cell --><\/div><!-- port --><\/section><section data-bb-version=\"4.9.1\" id=\"bt_bb_section69f1b7d98d88e\" class=\"bt_bb_section bt_bb_layout_boxed_1400 bt_bb_top_spacing_normal bt_bb_bottom_spacing_normal\" style=\";background-color:rgb(237,237,237);\" data-bt-override-class=\"{&quot;bt_bb_top_spacing_&quot;:{&quot;current_class&quot;:&quot;bt_bb_top_spacing_normal&quot;,&quot;def&quot;:&quot;normal&quot;},&quot;bt_bb_bottom_spacing_&quot;:{&quot;current_class&quot;:&quot;bt_bb_bottom_spacing_normal&quot;,&quot;def&quot;:&quot;normal&quot;}}\"><div class=\"bt_bb_port\"><div class=\"bt_bb_cell\"><div class=\"bt_bb_cell_inner\"><div class=\"bt_bb_row  bt_bb_color_scheme_2\" style=\"background-color:rgb(237,237,237);; --row-primary-color:#191919; --row-secondary-color:#ffffff;\" data-bt-override-class=\"{}\"><div class=\"bt_bb_row_holder\" ><div data-bb-version=\"5.1.2\"  class=\"bt_bb_column col-xxl-4 col-xl-4 col-xs-12 col-sm-12 col-md-12 col-lg-4 bt_bb_vertical_align_top bt_bb_align_right bt_bb_padding_none\" style=\"; --column-width:4;\" data-width=\"4\" data-bt-override-class=\"{&quot;bt_bb_align_&quot;:{&quot;current_class&quot;:&quot;bt_bb_align_right&quot;,&quot;def&quot;:&quot;right&quot;},&quot;bt_bb_padding_&quot;:{&quot;current_class&quot;:&quot;bt_bb_padding_none&quot;,&quot;def&quot;:&quot;none&quot;}}\"><div class=\"bt_bb_column_content\"><div class=\"bt_bb_column_content_inner\"><div data-bb-version=\"5.1.6\" class=\"bt_bb_css_image_grid bt_bb_columns_1 bt_bb_gap_no_gap bt_bb_shape_inherit bt_bb_animation_fade_in move_right animate\" data-columns=\"1\"><div class=\"bt_bb_css_image_grid_content\"><div class=\"bt_bb_css_image_grid_item bt_bb_tile_format_11\" data-src-full=\"https:\/\/www.fabjanbrewery.com\/wp-content\/uploads\/2024\/10\/black-grizzly-scaled.jpg\" title=\"black-grizzly\"><div class=\"bt_bb_css_image_grid_item_inner\"><div class=\"bt_bb_css_image_grid_item_inner_image\"><img decoding=\"async\" src=\"https:\/\/www.fabjanbrewery.com\/wp-content\/uploads\/2024\/10\/black-grizzly-1280x1907.jpg\" data-src-full=\"https:\/\/www.fabjanbrewery.com\/wp-content\/uploads\/2024\/10\/black-grizzly-scaled.jpg\" title=\"black-grizzly\" alt=\"black-grizzly\"\/><\/div><div class=\"bt_bb_css_image_grid_item_inner_content\"><\/div><\/div><\/div><\/div><\/div><\/div><\/div><\/div><div data-bb-version=\"5.1.6\"  class=\"bt_bb_column col-xxl-8 col-xl-8 col-xs-12 col-sm-12 col-md-12 col-lg-8 bt_bb_vertical_align_middle bt_bb_align_left bt_bb_padding_none bt_bb_animation_fade_in move_left animate\" style=\"; --column-width:8;\" data-width=\"8\" data-bt-override-class=\"{&quot;bt_bb_align_&quot;:{&quot;current_class&quot;:&quot;bt_bb_align_left&quot;,&quot;def&quot;:&quot;left&quot;},&quot;bt_bb_padding_&quot;:{&quot;current_class&quot;:&quot;bt_bb_padding_none&quot;,&quot;def&quot;:&quot;none&quot;}}\"><div class=\"bt_bb_column_content\"><div class=\"bt_bb_column_content_inner\"><div data-bb-version=\"4.9.1\" class=\"bt_bb_accordion bt_bb_style_outline bt_bb_shape_square\"><\/div><div data-bb-version=\"5.1.6\"  class=\"bt_bb_text dash bt_bb_animation_zoom_in animate\" ><\/p>\n<h5>Da se je zgodba odvila in nas pripeljala tako dale\u010d, smo rabili \u0161\u010depec poguma, norosti in prijatelje, ki verjamejo v nas.<\/h5>\n<p>\u00a0<\/p>\n<h5>Ne glede, na to da smo majhni ter imamo v lasti manj\u0161o pivovarsko opremo, vedno strmimo h kakovosti kon\u010dnega izdelka.<\/h5>\n<h5>\u00a0<\/h5>\n<h5>Prisegamo na kvaliteto in ne kvantiteto. Nenehno strmimo k izbolj\u0161avi ter<br \/>dodajanju novega.<\/h5>\n<h5>\u00a0<\/h5>\n<p>\n<\/div><\/div><\/div><\/div><\/div><\/div><\/div><!-- cell_inner --><\/div><!-- cell --><\/div><!-- port --><\/section><section data-bb-version=\"4.9.1\" id=\"bt_bb_section69f1b7d98e108\" class=\"bt_bb_section bt_bb_layout_boxed_1400 bt_bb_top_spacing_normal bt_bb_bottom_spacing_normal\"  data-bt-override-class=\"{&quot;bt_bb_top_spacing_&quot;:{&quot;current_class&quot;:&quot;bt_bb_top_spacing_normal&quot;,&quot;def&quot;:&quot;normal&quot;},&quot;bt_bb_bottom_spacing_&quot;:{&quot;current_class&quot;:&quot;bt_bb_bottom_spacing_normal&quot;,&quot;def&quot;:&quot;normal&quot;}}\"><div class=\"bt_bb_port\"><div class=\"bt_bb_cell\"><div class=\"bt_bb_cell_inner\"><div class=\"bt_bb_row \"  data-bt-override-class=\"{}\"><div class=\"bt_bb_row_holder\" ><div data-bb-version=\"4.9.1\"  class=\"bt_bb_column col-xxl-9 col-xl-9 col-xs-12 col-sm-12 col-md-12 col-lg-9 bt_bb_vertical_align_top bt_bb_align_left bt_bb_padding_none\" style=\"; --column-width:9;\" data-width=\"9\" data-bt-override-class=\"{&quot;bt_bb_align_&quot;:{&quot;current_class&quot;:&quot;bt_bb_align_left&quot;,&quot;def&quot;:&quot;left&quot;},&quot;bt_bb_padding_&quot;:{&quot;current_class&quot;:&quot;bt_bb_padding_none&quot;,&quot;def&quot;:&quot;none&quot;}}\"><div class=\"bt_bb_column_content\"><div class=\"bt_bb_column_content_inner\"><div data-bb-version=\"5.1.6\"  class=\"bt_bb_text bt_bb_animation_fade_in move_right animate\" ><\/p>\n<h5>\u00a0<\/h5>\n<h5>Na pivovarski sceni je ogromno razli\u010dnih stilov ter ponudnikov piva, mnogo malih pivovarn.<\/h5>\n<p>\u00a0<\/p>\n<h5>Mi ostajamo pri doma\u010dnosti ter pristnosti tega okolja v katerem \u017eivimo in neizmerno u\u017eivamo.<\/h5>\n<p>\u00a0<\/p>\n<h5>Najdete nas na za\u010detku majhne vasice ob robu gozda, kjer so sosedje postali prijatelji.<\/h5>\n<p>\n<\/div><\/div><\/div><\/div><div data-bb-version=\"5.1.6\"  class=\"bt_bb_column col-xxl-3 col-xl-3 col-xs-12 col-sm-12 col-md-12 col-lg-3 bt_bb_vertical_align_top bt_bb_align_left bt_bb_padding_none bt_bb_animation_fade_in move_left animate\" style=\"; --column-width:3;\" data-width=\"3\" data-bt-override-class=\"{&quot;bt_bb_align_&quot;:{&quot;current_class&quot;:&quot;bt_bb_align_left&quot;,&quot;def&quot;:&quot;left&quot;},&quot;bt_bb_padding_&quot;:{&quot;current_class&quot;:&quot;bt_bb_padding_none&quot;,&quot;def&quot;:&quot;none&quot;}}\"><div class=\"bt_bb_column_content\"><div class=\"bt_bb_column_content_inner\"><div data-bb-version=\"4.9.1\" class=\"bt_bb_slider bt_bb_height_half_screen bt_bb_show_dots_bottom bt_bb_multiple_slides bt_bb_animation_slide animate\"><div class=\"slick-slider\"  data-slick='{ \"lazyLoad\": \"progressive\", \"cssEase\": \"ease-out\", \"speed\": \"300\", \"adaptiveHeight\": true, \"dots\": true, \"prevArrow\": \"&lt;button type=\\\"button\\\" class=\\\"slick-prev\\\" aria-label=\\\"Previous\\\" tabindex=\\\"0\\\" role=\\\"button\\\"&gt;&lt;\/button&gt;\", \"nextArrow\": \"&lt;button type=\\\"button\\\" class=\\\"slick-next\\\" aria-label=\\\"Next\\\" tabindex=\\\"0\\\" role=\\\"button\\\"&gt;&lt;\/button&gt;\",\"slidesToShow\": 1}' ><div class=\"bt_bb_slider_item\" style=\"background-image:url('https:\/\/www.fabjanbrewery.com\/wp-content\/uploads\/2024\/09\/Vrcek-piva-scaled.jpg')\" data-src-full=\"https:\/\/www.fabjanbrewery.com\/wp-content\/uploads\/2024\/09\/Vrcek-piva-scaled.jpg\"><\/div><div class=\"bt_bb_slider_item\" style=\"background-image:url('https:\/\/www.fabjanbrewery.com\/wp-content\/uploads\/2024\/09\/DSC01139-scaled.jpg')\" data-src-full=\"https:\/\/www.fabjanbrewery.com\/wp-content\/uploads\/2024\/09\/DSC01139-scaled.jpg\"><\/div><\/div><\/div><\/div><\/div><\/div><\/div><\/div><\/div><!-- cell_inner --><\/div><!-- cell --><\/div><!-- port --><\/section><\/p>\n","protected":false},"excerpt":{"rendered":"","protected":false},"author":1,"featured_media":53,"parent":0,"menu_order":0,"comment_status":"closed","ping_status":"open","template":"","meta":{"footnotes":""},"class_list":["post-125","page","type-page","status-publish","has-post-thumbnail","hentry"],"_links":{"self":[{"href":"https:\/\/www.fabjanbrewery.com\/index.php?rest_route=\/wp\/v2\/pages\/125","targetHints":{"allow":["GET"]}}],"collection":[{"href":"https:\/\/www.fabjanbrewery.com\/index.php?rest_route=\/wp\/v2\/pages"}],"about":[{"href":"https:\/\/www.fabjanbrewery.com\/index.php?rest_route=\/wp\/v2\/types\/page"}],"author":[{"embeddable":true,"href":"https:\/\/www.fabjanbrewery.com\/index.php?rest_route=\/wp\/v2\/users\/1"}],"replies":[{"embeddable":true,"href":"https:\/\/www.fabjanbrewery.com\/index.php?rest_route=%2Fwp%2Fv2%2Fcomments&post=125"}],"version-history":[{"count":68,"href":"https:\/\/www.fabjanbrewery.com\/index.php?rest_route=\/wp\/v2\/pages\/125\/revisions"}],"predecessor-version":[{"id":259,"href":"https:\/\/www.fabjanbrewery.com\/index.php?rest_route=\/wp\/v2\/pages\/125\/revisions\/259"}],"wp:featuredmedia":[{"embeddable":true,"href":"https:\/\/www.fabjanbrewery.com\/index.php?rest_route=\/wp\/v2\/media\/53"}],"wp:attachment":[{"href":"https:\/\/www.fabjanbrewery.com\/index.php?rest_route=%2Fwp%2Fv2%2Fmedia&parent=125"}],"curies":[{"name":"wp","href":"https:\/\/api.w.org\/{rel}","templated":true}]}}