{"id":3,"date":"2024-08-19T15:44:20","date_gmt":"2024-08-19T15:44:20","guid":{"rendered":"https:\/\/www.fabjanbrewery.com\/?page_id=3"},"modified":"2024-10-12T11:05:10","modified_gmt":"2024-10-12T11:05:10","slug":"privacy-policy","status":"publish","type":"page","link":"https:\/\/www.fabjanbrewery.com\/?page_id=3","title":{"rendered":"Splo\u0161ni pogoji"},"content":{"rendered":"<section data-bb-version=\"5.1.6\" id=\"bt_bb_section69f1b6d76d488\" class=\"bt_bb_section bt_bb_layout_boxed_1200\"  data-bt-override-class=\"null\"><div class=\"bt_bb_port\"><div class=\"bt_bb_cell\"><div class=\"bt_bb_cell_inner\"><div class=\"bt_bb_row \"  data-bt-override-class=\"{}\"><div class=\"bt_bb_row_holder\" ><div data-bb-version=\"5.1.6\"  class=\"bt_bb_column col-xxl-12 col-xl-12 col-xs-12 col-sm-12 col-md-12 col-lg-12 bt_bb_vertical_align_top bt_bb_align_left bt_bb_padding_normal\" style=\"; --column-width:12;\" data-width=\"12\" data-bt-override-class=\"{}\"><div class=\"bt_bb_column_content\"><div class=\"bt_bb_column_content_inner\"><div data-bb-version=\"5.1.6\"  class=\"bt_bb_text\" ><\/p>\n<h2 class=\"wp-block-heading\"><strong>Splo\u0161ni pogoji poslovanja spletne strani www.fabjanbrewery.com<\/strong><\/h2>\n<p><strong>1. Uvod<\/strong> Dobrodo\u0161li na spletno stran www.fabjanbrewery.com (v nadaljevanju: spletna stran). Ti splo\u0161ni pogoji poslovanja (v nadaljevanju: pogoji) dolo\u010dajo pravila uporabe spletne strani, nakupnih pogojev, pravice in obveznosti uporabnikov ter varstvo osebnih podatkov. Z uporabo spletne strani se strinjate s temi pogoji, zato vas prosimo, da jih skrbno preberete.<\/p>\n<p><strong>2. Lastnik spletne strani<\/strong> Lastnik spletne strani je <span class=\"x4k7w5x x1h91t0o x1h9r5lt x1jfb8zj xv2umb2 x1beo9mf xaigb6o x12ejxvf x3igimt xarpa2k xedcshv x1lytzrv x1t2pt76 x7ja8zs x1qrby5j\"><span class=\"xeuugli x18c0a79 xu37r0v x1fj9vlw x13faqbe x1vvkbs xuwz08h x1fxoii6 xrxb4jq x14ognje x5jzov0 xya83n1 x1lliihq x1s928wv xhkezso x1gmr53x x1cpjm7i x1fgarty x1943h6x x1bsfjaj\" dir=\"auto\">Simplicity Ana Fabjan s.p<\/span><\/span>, s sede\u017eem na naslovu <span class=\"x4k7w5x x1h91t0o x1h9r5lt x1jfb8zj xv2umb2 x1beo9mf xaigb6o x12ejxvf x3igimt xarpa2k xedcshv x1lytzrv x1t2pt76 x7ja8zs x1qrby5j\"><span class=\"xeuugli x18c0a79 xu37r0v x1fj9vlw x13faqbe x1vvkbs xuwz08h x1fxoii6 xrxb4jq x14ognje x5jzov0 xya83n1 x1lliihq x1s928wv xhkezso x1gmr53x x1cpjm7i x1fgarty x1943h6x x1bsfjaj\" dir=\"auto\">Bu\u0161inec 1a 8350 Dolenjske Toplice <\/span><\/span>, mati\u010dna \u0161tevilka: 9208534000, dav\u010dna \u0161tevilka: 88067297, ki upravlja spletno trgovino in izvaja vse storitve, povezane z nakupom in dostavo izdelkov.<\/p>\n<p><strong>3. Uporaba spletne strani<\/strong> Uporabnik je dol\u017ean uporabljati spletno stran v skladu z zakonodajo Republike Slovenije in s temi pogoji. Prepovedano je vsakr\u0161no ravnanje, ki bi lahko \u0161kodovalo spletni strani, njenemu delovanju ali kr\u0161ilo pravice drugih uporabnikov. Lastnik spletne strani ne prevzema odgovornosti za morebitno \u0161kodo, ki bi izhajala iz nepravilne uporabe.<\/p>\n<p><strong>4. Naro\u010dila in nakup izdelkov (velja ko bo spletna trgovina na voljo)<\/strong> Naro\u010dilo se \u0161teje za oddano, ko uporabnik v spletni trgovini zaklju\u010di postopek nakupa. Po oddaji naro\u010dila uporabnik prejme elektronsko sporo\u010dilo s potrditvijo naro\u010dila. Lastnik si pridr\u017euje pravico, da zavrne naro\u010dilo, \u010de izdelkov ni na zalogi, v primeru napa\u010dnih podatkov ali drugih tehni\u010dnih te\u017eav.<\/p>\n<p><strong>5. Cene in pla\u010dilni pogoji (velja ko bo spletna trgovina na voljo)<\/strong> Vse cene so navedene v evrih (EUR) in vklju\u010dujejo davek na dodano vrednost (DDV), razen \u010de ni navedeno druga\u010de. Lastnik si pridr\u017euje pravico do spremembe cen brez predhodnega obvestila. Pla\u010dilo je mogo\u010de izvesti preko razli\u010dnih na\u010dinov, kot so ban\u010dno nakazilo, kreditne kartice ali pla\u010dilo po povzetju.<\/p>\n<p><strong>6. Dostava in prevzem (velja ko bo spletna trgovina na voljo)<\/strong> Dostava se izvaja na ozemlju Republike Slovenije. Stro\u0161ki dostave se obra\u010dunajo posebej in so navedeni pri zaklju\u010dku naro\u010dila. Predvideni rok dostave je 3\u20135 delovnih dni, razen \u010de je na strani navedeno druga\u010de. Lastnik pivovarne ne odgovarja za zamude pri dostavi zaradi razlogov, ki so izven njegovega nadzora.<\/p>\n<p><strong>7. Pravica do odstopa od pogodbe in vra\u010dilo blaga (velja ko bo spletna trgovina na voljo)<\/strong> Uporabnik ima pravico do odstopa od pogodbe v roku 14 dni od prejema izdelkov brez navedbe razloga, razen v primeru, ko je izdelek hitro pokvarljiv ali osebno prilagojen. Vrnitev izdelkov mora biti opravljena na naslov pivovarne, stro\u0161ke vra\u010dila pa krije uporabnik. Vra\u010dilo pla\u010dila bo izvedeno v roku 14 dni po prejemu vrnjenih izdelkov.<\/p>\n<p><strong>8. Varstvo osebnih podatkov<\/strong> Lastnik pivovarne se zavezuje k varovanju osebnih podatkov v skladu z veljavno zakonodajo o varstvu osebnih podatkov. Osebni podatki, ki jih uporabnik posreduje pri registraciji ali nakupu, bodo uporabljeni izklju\u010dno za izvedbo naro\u010dila, dostavo in obve\u0161\u010danje o novostih, \u010de je uporabnik na to pristal.<\/p>\n<p><strong>9. Odgovornost<\/strong> Lastnik ne odgovarja za morebitno \u0161kodo, ki bi nastala zaradi uporabe spletne strani ali zaradi tehni\u010dnih te\u017eav, ki bi onemogo\u010dile uporabo spletne strani. Prav tako ne odgovarja za napa\u010dne informacije, ki jih na spletni strani navedejo tretje osebe.<\/p>\n<p><strong>10. Kon\u010dne dolo\u010dbe<\/strong> Lastnik si pridr\u017euje pravico do spremembe teh pogojev kadarkoli, brez predhodnega obvestila. Spremembe za\u010dnejo veljati z objavo na spletni strani.<\/p>\n<p>Zadnja posodobitev: 12.10.2024<\/p>\n<p>S potrditvijo naro\u010dila na spletni strani potrjujete, da ste prebrali in razumeli te pogoje poslovanja ter se z njimi strinjate.<\/p>\n<p>\n<\/div><\/div><\/div><\/div><\/div><\/div><\/div><!-- cell_inner --><\/div><!-- cell --><\/div><!-- port --><\/section>","protected":false},"excerpt":{"rendered":"","protected":false},"author":1,"featured_media":0,"parent":0,"menu_order":0,"comment_status":"closed","ping_status":"open","template":"","meta":{"footnotes":""},"class_list":["post-3","page","type-page","status-publish","hentry"],"_links":{"self":[{"href":"https:\/\/www.fabjanbrewery.com\/index.php?rest_route=\/wp\/v2\/pages\/3","targetHints":{"allow":["GET"]}}],"collection":[{"href":"https:\/\/www.fabjanbrewery.com\/index.php?rest_route=\/wp\/v2\/pages"}],"about":[{"href":"https:\/\/www.fabjanbrewery.com\/index.php?rest_route=\/wp\/v2\/types\/page"}],"author":[{"embeddable":true,"href":"https:\/\/www.fabjanbrewery.com\/index.php?rest_route=\/wp\/v2\/users\/1"}],"replies":[{"embeddable":true,"href":"https:\/\/www.fabjanbrewery.com\/index.php?rest_route=%2Fwp%2Fv2%2Fcomments&post=3"}],"version-history":[{"count":4,"href":"https:\/\/www.fabjanbrewery.com\/index.php?rest_route=\/wp\/v2\/pages\/3\/revisions"}],"predecessor-version":[{"id":238,"href":"https:\/\/www.fabjanbrewery.com\/index.php?rest_route=\/wp\/v2\/pages\/3\/revisions\/238"}],"wp:attachment":[{"href":"https:\/\/www.fabjanbrewery.com\/index.php?rest_route=%2Fwp%2Fv2%2Fmedia&parent=3"}],"curies":[{"name":"wp","href":"https:\/\/api.w.org\/{rel}","templated":true}]}}