{"id":45,"date":"2024-09-03T18:34:43","date_gmt":"2024-09-03T18:34:43","guid":{"rendered":"https:\/\/www.fabjanbrewery.com\/?page_id=45"},"modified":"2025-09-29T18:08:38","modified_gmt":"2025-09-29T18:08:38","slug":"produkti","status":"publish","type":"page","link":"https:\/\/www.fabjanbrewery.com\/","title":{"rendered":"Domov"},"content":{"rendered":"<p><section data-bb-version=\"4.9.1\" id=\"bt_bb_section69ef172def9ea\" class=\"bt_bb_section bt_bb_layout_boxed_1200 bt_bb_bottom_spacing_medium\"  data-bt-override-class=\"{&quot;bt_bb_bottom_spacing_&quot;:{&quot;current_class&quot;:&quot;bt_bb_bottom_spacing_medium&quot;,&quot;def&quot;:&quot;medium&quot;}}\"><div class=\"bt_bb_port\"><div class=\"bt_bb_cell\"><div class=\"bt_bb_cell_inner\"><div class=\"bt_bb_row \"  data-bt-override-class=\"{}\"><div class=\"bt_bb_row_holder\" ><div data-bb-version=\"4.9.1\"  class=\"bt_bb_column col-xxl-4 col-xl-4 col-xs-12 col-sm-12 col-md-12 col-lg-4 bt_bb_vertical_align_top bt_bb_align_left bt_bb_padding_none\" style=\"; --column-width:4;\" data-width=\"4\" data-bt-override-class=\"{&quot;bt_bb_padding_&quot;:{&quot;current_class&quot;:&quot;bt_bb_padding_none&quot;,&quot;def&quot;:&quot;none&quot;}}\"><div class=\"bt_bb_column_content\"><div class=\"bt_bb_column_content_inner\"><div data-bb-version=\"4.9.1\" class=\"bt_bb_accordion bt_bb_style_outline bt_bb_shape_square\"><\/div><div data-bb-version=\"4.9.1\" class=\"bt_bb_accordion bt_bb_style_simple bt_bb_shape_square\"><div class=\"bt_bb_accordion_item\"><div class=\"bt_bb_accordion_item_title\">GRIZZLY PALE ALE<\/div><div class=\"bt_bb_accordion_item_content\"><div data-bb-version=\"4.9.1\"  class=\"bt_bb_text\" ><\/p>\n<p>Svetlo nefiltrirano pivo<\/p>\n<p>\n<\/div><div data-bb-version=\"5.4.7\" class=\"bt_bb_image bt_bb_shape_square bt_bb_target_self bt_bb_align_inherit bt_bb_hover_style_simple bt_bb_content_display_always bt_bb_content_align_middle bt_bb_animation_move_right animate\" data-bt-override-class=\"{&quot;bt_bb_align_&quot;:{&quot;current_class&quot;:&quot;bt_bb_align_inherit&quot;,&quot;def&quot;:&quot;inherit&quot;},&quot;bt_bb_content_display_&quot;:{&quot;current_class&quot;:&quot;bt_bb_content_display_always&quot;,&quot;def&quot;:&quot;always&quot;}}\"><span><img loading=\"lazy\" decoding=\"async\" width=\"1364\" height=\"2048\" src=\"https:\/\/www.fabjanbrewery.com\/wp-content\/uploads\/2025\/09\/DSC03779.jpg\" class=\"attachment-full size-full\" alt=\"https:\/\/www.fabjanbrewery.com\/wp-content\/uploads\/2025\/09\/DSC03779.jpg\" data-full_image_src=\"https:\/\/www.fabjanbrewery.com\/wp-content\/uploads\/2025\/09\/DSC03779.jpg\" title=\"DSC03779\" srcset=\"https:\/\/www.fabjanbrewery.com\/wp-content\/uploads\/2025\/09\/DSC03779.jpg 1364w, https:\/\/www.fabjanbrewery.com\/wp-content\/uploads\/2025\/09\/DSC03779-640x961.jpg 640w, https:\/\/www.fabjanbrewery.com\/wp-content\/uploads\/2025\/09\/DSC03779-1280x1922.jpg 1280w, https:\/\/www.fabjanbrewery.com\/wp-content\/uploads\/2025\/09\/DSC03779-768x1153.jpg 768w, https:\/\/www.fabjanbrewery.com\/wp-content\/uploads\/2025\/09\/DSC03779-1023x1536.jpg 1023w, https:\/\/www.fabjanbrewery.com\/wp-content\/uploads\/2025\/09\/DSC03779-320x480.jpg 320w\" sizes=\"auto, (max-width: 1364px) 100vw, 1364px\" \/><\/span><\/div><\/div><\/div><\/div><\/div><\/div><\/div><div data-bb-version=\"4.9.1\"  class=\"bt_bb_column col-xxl-4 col-xl-4 col-xs-12 col-sm-12 col-md-12 col-lg-4 bt_bb_vertical_align_top bt_bb_align_left bt_bb_padding_normal\" style=\"; --column-width:4;\" data-width=\"4\" data-bt-override-class=\"{}\"><div class=\"bt_bb_column_content\"><div class=\"bt_bb_column_content_inner\"><div data-bb-version=\"4.9.1\" class=\"bt_bb_accordion bt_bb_style_simple bt_bb_shape_square\"><div class=\"bt_bb_accordion_item\"><div class=\"bt_bb_accordion_item_title\">GRIZZLY BLACK IPA<\/div><div class=\"bt_bb_accordion_item_content\"><div data-bb-version=\"4.9.1\"  class=\"bt_bb_text\" ><\/p>\n<p>Temno nefiltrirano pivo<\/p>\n<p>\n<\/div><div data-bb-version=\"5.4.7\" class=\"bt_bb_image bt_bb_shape_square bt_bb_target_self bt_bb_align_inherit bt_bb_hover_style_simple bt_bb_content_display_always bt_bb_content_align_middle bt_bb_animation_fade_in animate\" data-bt-override-class=\"{&quot;bt_bb_align_&quot;:{&quot;current_class&quot;:&quot;bt_bb_align_inherit&quot;,&quot;def&quot;:&quot;inherit&quot;},&quot;bt_bb_content_display_&quot;:{&quot;current_class&quot;:&quot;bt_bb_content_display_always&quot;,&quot;def&quot;:&quot;always&quot;},&quot;bt_bb_animation_&quot;:{&quot;current_class&quot;:&quot;bt_bb_animation_fade_in animate&quot;,&quot;def&quot;:&quot;fade_in animate&quot;}}\"><span><img loading=\"lazy\" decoding=\"async\" width=\"1396\" height=\"2048\" src=\"https:\/\/www.fabjanbrewery.com\/wp-content\/uploads\/2025\/09\/DSC03780.jpg\" class=\"attachment-full size-full\" alt=\"https:\/\/www.fabjanbrewery.com\/wp-content\/uploads\/2025\/09\/DSC03780.jpg\" data-full_image_src=\"https:\/\/www.fabjanbrewery.com\/wp-content\/uploads\/2025\/09\/DSC03780.jpg\" title=\"DSC03780\" srcset=\"https:\/\/www.fabjanbrewery.com\/wp-content\/uploads\/2025\/09\/DSC03780.jpg 1396w, https:\/\/www.fabjanbrewery.com\/wp-content\/uploads\/2025\/09\/DSC03780-640x939.jpg 640w, https:\/\/www.fabjanbrewery.com\/wp-content\/uploads\/2025\/09\/DSC03780-1280x1878.jpg 1280w, https:\/\/www.fabjanbrewery.com\/wp-content\/uploads\/2025\/09\/DSC03780-768x1127.jpg 768w, https:\/\/www.fabjanbrewery.com\/wp-content\/uploads\/2025\/09\/DSC03780-1047x1536.jpg 1047w, https:\/\/www.fabjanbrewery.com\/wp-content\/uploads\/2025\/09\/DSC03780-320x469.jpg 320w\" sizes=\"auto, (max-width: 1396px) 100vw, 1396px\" \/><\/span><\/div><\/div><\/div><\/div><\/div><\/div><\/div><div data-bb-version=\"5.4.7\"  class=\"bt_bb_column col-xxl-4 col-xl-4 col-xs-12 col-sm-12 col-md-12 col-lg-4 bt_bb_vertical_align_top bt_bb_align_left bt_bb_padding_normal\" style=\"; --column-width:4;\" data-width=\"4\" data-bt-override-class=\"{}\"><div class=\"bt_bb_column_content\"><div class=\"bt_bb_column_content_inner\"><div data-bb-version=\"4.9.1\" class=\"bt_bb_accordion bt_bb_style_simple bt_bb_shape_square\"><div data-bb-version=\"5.4.7\" class=\"bt_bb_accordion_item\"><div class=\"bt_bb_accordion_item_title\">GRIZZLY GOLD IPA<\/div><div class=\"bt_bb_accordion_item_content\"><div data-bb-version=\"4.9.1\"  class=\"bt_bb_text\" ><\/p>\n<p>Svetlo nefiltrirano pivo<\/p>\n<p>\n<\/div><div data-bb-version=\"5.4.7\" class=\"bt_bb_image bt_bb_shape_square bt_bb_target_self bt_bb_align_inherit bt_bb_hover_style_simple bt_bb_content_display_always bt_bb_content_align_middle bt_bb_animation_move_left animate\" data-bt-override-class=\"{&quot;bt_bb_align_&quot;:{&quot;current_class&quot;:&quot;bt_bb_align_inherit&quot;,&quot;def&quot;:&quot;inherit&quot;},&quot;bt_bb_content_display_&quot;:{&quot;current_class&quot;:&quot;bt_bb_content_display_always&quot;,&quot;def&quot;:&quot;always&quot;},&quot;bt_bb_animation_&quot;:{&quot;current_class&quot;:&quot;bt_bb_animation_move_left animate&quot;,&quot;def&quot;:&quot;move_left animate&quot;}}\"><span><img loading=\"lazy\" decoding=\"async\" width=\"1365\" height=\"2048\" src=\"https:\/\/www.fabjanbrewery.com\/wp-content\/uploads\/2025\/09\/DSC03777.jpg\" class=\"attachment-full size-full\" alt=\"https:\/\/www.fabjanbrewery.com\/wp-content\/uploads\/2025\/09\/DSC03777.jpg\" data-full_image_src=\"https:\/\/www.fabjanbrewery.com\/wp-content\/uploads\/2025\/09\/DSC03777.jpg\" title=\"DSC03777\" srcset=\"https:\/\/www.fabjanbrewery.com\/wp-content\/uploads\/2025\/09\/DSC03777.jpg 1365w, https:\/\/www.fabjanbrewery.com\/wp-content\/uploads\/2025\/09\/DSC03777-640x960.jpg 640w, https:\/\/www.fabjanbrewery.com\/wp-content\/uploads\/2025\/09\/DSC03777-1280x1920.jpg 1280w, https:\/\/www.fabjanbrewery.com\/wp-content\/uploads\/2025\/09\/DSC03777-768x1152.jpg 768w, https:\/\/www.fabjanbrewery.com\/wp-content\/uploads\/2025\/09\/DSC03777-1024x1536.jpg 1024w, https:\/\/www.fabjanbrewery.com\/wp-content\/uploads\/2025\/09\/DSC03777-320x480.jpg 320w\" sizes=\"auto, (max-width: 1365px) 100vw, 1365px\" \/><\/span><\/div><\/div><\/div><\/div><\/div><\/div><\/div><\/div><\/div><div data-bb-version=\"5.1.2\" class=\"bt_bb_row \"  data-bt-override-class=\"{}\"><div class=\"bt_bb_row_holder\" ><div data-bb-version=\"5.1.2\"  class=\"bt_bb_column col-xxl-12 col-xl-12 col-xs-12 col-sm-12 col-md-12 col-lg-12 bt_bb_vertical_align_top bt_bb_align_left bt_bb_padding_normal\" style=\"; --column-width:12;\" data-width=\"12\" data-bt-override-class=\"{}\"><div class=\"bt_bb_column_content\"><div class=\"bt_bb_column_content_inner\"><\/div><\/div><\/div><\/div><\/div><\/div><!-- cell_inner --><\/div><!-- cell --><\/div><!-- port --><\/section><section data-bb-version=\"4.9.1\" id=\"bt_bb_section69ef172df128c\" class=\"bt_bb_section bt_bb_layout_wide bt_bb_top_spacing_none bt_bb_bottom_spacing_normal\"  data-bt-override-class=\"{&quot;bt_bb_top_spacing_&quot;:{&quot;current_class&quot;:&quot;bt_bb_top_spacing_none&quot;,&quot;def&quot;:&quot;none&quot;},&quot;bt_bb_bottom_spacing_&quot;:{&quot;current_class&quot;:&quot;bt_bb_bottom_spacing_normal&quot;,&quot;def&quot;:&quot;normal&quot;}}\"><div class=\"bt_bb_port\"><div class=\"bt_bb_cell\"><div class=\"bt_bb_cell_inner\"><div class=\"bt_bb_row \"  data-bt-override-class=\"{}\"><div class=\"bt_bb_row_holder\" ><div data-bb-version=\"4.9.1\"  class=\"bt_bb_column col-xxl-6 col-xl-6 col-xs-12 col-sm-6 col-md-6 col-lg-6 bt_bb_vertical_align_top bt_bb_align_left bt_bb_padding_none\" style=\"; --column-width:6;\" data-width=\"6\" data-bt-override-class=\"{&quot;bt_bb_align_&quot;:{&quot;current_class&quot;:&quot;bt_bb_align_left&quot;,&quot;def&quot;:&quot;left&quot;},&quot;bt_bb_padding_&quot;:{&quot;current_class&quot;:&quot;bt_bb_padding_none&quot;,&quot;def&quot;:&quot;none&quot;}}\"><div class=\"bt_bb_column_content\"><div class=\"bt_bb_column_content_inner\"><header data-bb-version=\"5.1.6\" class=\"bt_bb_headline bt_bb_dash_bottom bt_bb_size_inherit bt_bb_align_inherit bt_bb_animation_fade_in zoom_in animate\" data-bt-override-class=\"{&quot;bt_bb_size_&quot;:{&quot;current_class&quot;:&quot;bt_bb_size_inherit&quot;,&quot;def&quot;:&quot;inherit&quot;},&quot;bt_bb_align_&quot;:{&quot;current_class&quot;:&quot;bt_bb_align_inherit&quot;,&quot;def&quot;:&quot;inherit&quot;}}\"><h2 class=\"bt_bb_headline_tag\"><span class=\"bt_bb_headline_content\"><span>Na\u0161a lokacija<\/span><\/span><\/h2><\/header><div data-bb-version=\"5.1.6\" class=\"bt_bb_google_maps bt_bb_map bt_bb_map_type_interactive bt_bb_animation_fade_in zoom_in animate\" data-center=\"yes\" data-bt-override-class=\"{}\"><div class=\"bt_bb_google_maps_map bt_bb_map_map\" id=\"45b400a1ebbe60c6\" data-height=\"500\" data-api-key=\"AIzaSyD-EWBbKBSxgD_03qA1uB-SGLPcpzWWjHA\" data-map-type=\"interactive\" data-zoom=\"17\" data-init-finished=\"false\" data-custom-style=\"\" style=\"height:500px\"\"><\/div><div data-bb-version=\"5.1.6\" class=\"bt_bb_google_maps_location bt_bb_map_location bt_bb_google_maps_location_without_content bt_bb_map_location_without_content\" data-lat=\"45.731322798599535\" data-lng=\"15.073658405218767\" data-icon=\"https:\/\/www.fabjanbrewery.com\/wp-content\/uploads\/2024\/10\/icon.png\"><\/div><\/div><\/div><\/div><\/div><div data-bb-version=\"4.9.1\"  class=\"bt_bb_column col-xxl-6 col-xl-6 col-xs-12 col-sm-6 col-md-6 col-lg-6 bt_bb_vertical_align_top bt_bb_align_left bt_bb_padding_double\" style=\"; --column-width:6;\" data-width=\"6\" data-bt-override-class=\"{&quot;bt_bb_align_&quot;:{&quot;current_class&quot;:&quot;bt_bb_align_left&quot;,&quot;def&quot;:&quot;left&quot;},&quot;bt_bb_padding_&quot;:{&quot;current_class&quot;:&quot;bt_bb_padding_double&quot;,&quot;def&quot;:&quot;double&quot;}}\"><div class=\"bt_bb_column_content\"><div class=\"bt_bb_column_content_inner\"><header data-bb-version=\"5.1.2\" class=\"bt_bb_headline bt_bb_dash_none bt_bb_size_inherit bt_bb_align_inherit bt_bb_animation_fade_in zoom_in animate\" data-bt-override-class=\"{&quot;bt_bb_size_&quot;:{&quot;current_class&quot;:&quot;bt_bb_size_inherit&quot;,&quot;def&quot;:&quot;inherit&quot;},&quot;bt_bb_align_&quot;:{&quot;current_class&quot;:&quot;bt_bb_align_inherit&quot;,&quot;def&quot;:&quot;inherit&quot;}}\"><h2 class=\"bt_bb_headline_tag\"><span class=\"bt_bb_headline_content\"><span>Kontaktirajte nas<\/span><\/span><\/h2><\/header><div data-bb-version=\"4.9.1\" class=\"bt_bb_contact_form_7 bt_bb_animation_fade_in zoom_in animate\">\n<div class=\"wpcf7 no-js\" id=\"wpcf7-f10-o1\" lang=\"en-US\" dir=\"ltr\" data-wpcf7-id=\"10\">\n<div class=\"screen-reader-response\"><p role=\"status\" aria-live=\"polite\" aria-atomic=\"true\"><\/p> <ul><\/ul><\/div>\n<form action=\"\/index.php?rest_route=%2Fwp%2Fv2%2Fpages%2F45#wpcf7-f10-o1\" method=\"post\" class=\"wpcf7-form init\" aria-label=\"Contact form\" novalidate=\"novalidate\" data-status=\"init\">\n<fieldset class=\"hidden-fields-container\"><input type=\"hidden\" name=\"_wpcf7\" value=\"10\" \/><input type=\"hidden\" name=\"_wpcf7_version\" value=\"6.1.5\" \/><input type=\"hidden\" name=\"_wpcf7_locale\" value=\"en_US\" \/><input type=\"hidden\" name=\"_wpcf7_unit_tag\" value=\"wpcf7-f10-o1\" \/><input type=\"hidden\" name=\"_wpcf7_container_post\" value=\"0\" \/><input type=\"hidden\" name=\"_wpcf7_posted_data_hash\" value=\"\" \/>\n<\/fieldset>\n<p><label> Va\u0161e ime<br \/>\n<span class=\"wpcf7-form-control-wrap\" data-name=\"your-name\"><input size=\"40\" maxlength=\"400\" class=\"wpcf7-form-control wpcf7-text wpcf7-validates-as-required\" autocomplete=\"name\" aria-required=\"true\" aria-invalid=\"false\" value=\"\" type=\"text\" name=\"your-name\" \/><\/span> <\/label>\n<\/p>\n<p><label> Va\u0161 email<br \/>\n<span class=\"wpcf7-form-control-wrap\" data-name=\"your-email\"><input size=\"40\" maxlength=\"400\" class=\"wpcf7-form-control wpcf7-email wpcf7-validates-as-required wpcf7-text wpcf7-validates-as-email\" autocomplete=\"email\" aria-required=\"true\" aria-invalid=\"false\" value=\"\" type=\"email\" name=\"your-email\" \/><\/span> <\/label>\n<\/p>\n<p><label> Zadeva<br \/>\n<span class=\"wpcf7-form-control-wrap\" data-name=\"your-subject\"><input size=\"40\" maxlength=\"400\" class=\"wpcf7-form-control wpcf7-text wpcf7-validates-as-required\" aria-required=\"true\" aria-invalid=\"false\" value=\"\" type=\"text\" name=\"your-subject\" \/><\/span> <\/label>\n<\/p>\n<p><label> Va\u0161e sporo\u010dilo<br \/>\n<span class=\"wpcf7-form-control-wrap\" data-name=\"your-message\"><textarea cols=\"40\" rows=\"10\" maxlength=\"2000\" class=\"wpcf7-form-control wpcf7-textarea\" aria-invalid=\"false\" name=\"your-message\"><\/textarea><\/span> <\/label>\n<\/p>\n<p><input class=\"wpcf7-form-control wpcf7-submit has-spinner\" type=\"submit\" value=\"Po\u0161lji\" \/>\n<\/p><p style=\"display: none !important;\" class=\"akismet-fields-container\" data-prefix=\"_wpcf7_ak_\"><label>&#916;<textarea name=\"_wpcf7_ak_hp_textarea\" cols=\"45\" rows=\"8\" maxlength=\"100\"><\/textarea><\/label><input type=\"hidden\" id=\"ak_js_1\" name=\"_wpcf7_ak_js\" value=\"10\"\/><script type=\"text\/javascript\">\n\/* <![CDATA[ *\/\ndocument.getElementById( \"ak_js_1\" ).setAttribute( \"value\", ( new Date() ).getTime() );\n\/* ]]> *\/\n<\/script>\n<\/p><div class=\"wpcf7-response-output\" aria-hidden=\"true\"><\/div>\n<\/form>\n<\/div>\n<\/div><\/div><\/div><\/div><\/div><\/div><\/div><!-- cell_inner --><\/div><!-- cell --><\/div><!-- port --><\/section><section data-bb-version=\"4.9.1\" id=\"bt_bb_section69ef172df2471\" class=\"bt_bb_section bt_bb_layout_wide bt_bb_top_spacing_normal bt_bb_bottom_spacing_normal\"  data-bt-override-class=\"{&quot;bt_bb_top_spacing_&quot;:{&quot;current_class&quot;:&quot;bt_bb_top_spacing_normal&quot;,&quot;def&quot;:&quot;normal&quot;},&quot;bt_bb_bottom_spacing_&quot;:{&quot;current_class&quot;:&quot;bt_bb_bottom_spacing_normal&quot;,&quot;def&quot;:&quot;normal&quot;}}\"><div class=\"bt_bb_port\"><div class=\"bt_bb_cell\"><div class=\"bt_bb_cell_inner\"><div class=\"bt_bb_row \"  data-bt-override-class=\"{}\"><div class=\"bt_bb_row_holder\" ><div data-bb-version=\"4.9.1\"  class=\"bt_bb_column col-xxl-12 col-xl-12 col-xs-12 col-sm-12 col-md-12 col-lg-12 bt_bb_vertical_align_top bt_bb_align_left bt_bb_padding_normal\" style=\"; --column-width:12;\" data-width=\"12\" data-bt-override-class=\"{}\"><div class=\"bt_bb_column_content\"><div class=\"bt_bb_column_content_inner\"><div data-bb-version=\"4.9.1\" class=\"bt_bb_css_image_grid bt_bb_columns_6 bt_bb_gap_no_gap bt_bb_shape_inherit bt_bb_animation_fade_in zoom_in animate\" data-columns=\"6\"><div class=\"bt_bb_css_image_grid_content\"><div class=\"bt_bb_css_image_grid_item bt_bb_tile_format_11\" data-src-full=\"https:\/\/www.fabjanbrewery.com\/wp-content\/uploads\/2024\/09\/Vrcek-piva-scaled.jpg\" title=\"Vr\u010dek piva\"><div class=\"bt_bb_css_image_grid_item_inner\"><div class=\"bt_bb_css_image_grid_item_inner_image\"><img decoding=\"async\" src=\"https:\/\/www.fabjanbrewery.com\/wp-content\/uploads\/2024\/09\/Vrcek-piva-1280x1832.jpg\" data-src-full=\"https:\/\/www.fabjanbrewery.com\/wp-content\/uploads\/2024\/09\/Vrcek-piva-scaled.jpg\" title=\"Vr\u010dek piva\" alt=\"Vr\u010dek piva\"\/><\/div><div class=\"bt_bb_css_image_grid_item_inner_content\"><\/div><\/div><\/div><div class=\"bt_bb_css_image_grid_item bt_bb_tile_format_11\" data-src-full=\"https:\/\/www.fabjanbrewery.com\/wp-content\/uploads\/2024\/09\/DSC09874--scaled.jpg\" title=\"DSC09874\"><div class=\"bt_bb_css_image_grid_item_inner\"><div class=\"bt_bb_css_image_grid_item_inner_image\"><img decoding=\"async\" src=\"https:\/\/www.fabjanbrewery.com\/wp-content\/uploads\/2024\/09\/DSC09874--1280x1920.jpg\" data-src-full=\"https:\/\/www.fabjanbrewery.com\/wp-content\/uploads\/2024\/09\/DSC09874--scaled.jpg\" title=\"DSC09874\" alt=\"DSC09874\"\/><\/div><div class=\"bt_bb_css_image_grid_item_inner_content\"><\/div><\/div><\/div><div class=\"bt_bb_css_image_grid_item bt_bb_tile_format_11\" data-src-full=\"https:\/\/www.fabjanbrewery.com\/wp-content\/uploads\/2024\/09\/DSC09939-Copy-1-scaled.jpg\" title=\"DSC09939 - Copy (1)\"><div class=\"bt_bb_css_image_grid_item_inner\"><div class=\"bt_bb_css_image_grid_item_inner_image\"><img decoding=\"async\" src=\"https:\/\/www.fabjanbrewery.com\/wp-content\/uploads\/2024\/09\/DSC09939-Copy-1-1280x1968.jpg\" data-src-full=\"https:\/\/www.fabjanbrewery.com\/wp-content\/uploads\/2024\/09\/DSC09939-Copy-1-scaled.jpg\" title=\"DSC09939 - Copy (1)\" alt=\"DSC09939 - Copy (1)\"\/><\/div><div class=\"bt_bb_css_image_grid_item_inner_content\"><\/div><\/div><\/div><div class=\"bt_bb_css_image_grid_item bt_bb_tile_format_11\" data-src-full=\"https:\/\/www.fabjanbrewery.com\/wp-content\/uploads\/2024\/09\/DSC01109-1-scaled.jpg\" title=\"DSC01109 (1)\"><div class=\"bt_bb_css_image_grid_item_inner\"><div class=\"bt_bb_css_image_grid_item_inner_image\"><img decoding=\"async\" src=\"https:\/\/www.fabjanbrewery.com\/wp-content\/uploads\/2024\/09\/DSC01109-1-1280x1920.jpg\" data-src-full=\"https:\/\/www.fabjanbrewery.com\/wp-content\/uploads\/2024\/09\/DSC01109-1-scaled.jpg\" title=\"DSC01109 (1)\" alt=\"DSC01109 (1)\"\/><\/div><div class=\"bt_bb_css_image_grid_item_inner_content\"><\/div><\/div><\/div><div class=\"bt_bb_css_image_grid_item bt_bb_tile_format_11\" data-src-full=\"https:\/\/www.fabjanbrewery.com\/wp-content\/uploads\/2024\/09\/DSC00710-scaled.jpg\" title=\"DSC00710\"><div class=\"bt_bb_css_image_grid_item_inner\"><div class=\"bt_bb_css_image_grid_item_inner_image\"><img decoding=\"async\" src=\"https:\/\/www.fabjanbrewery.com\/wp-content\/uploads\/2024\/09\/DSC00710-1280x1920.jpg\" data-src-full=\"https:\/\/www.fabjanbrewery.com\/wp-content\/uploads\/2024\/09\/DSC00710-scaled.jpg\" title=\"DSC00710\" alt=\"DSC00710\"\/><\/div><div class=\"bt_bb_css_image_grid_item_inner_content\"><\/div><\/div><\/div><div class=\"bt_bb_css_image_grid_item bt_bb_tile_format_11\" data-src-full=\"https:\/\/www.fabjanbrewery.com\/wp-content\/uploads\/2024\/09\/DSC09931-Copy-1-scaled.jpg\" title=\"DSC09931 - Copy (1)\"><div class=\"bt_bb_css_image_grid_item_inner\"><div class=\"bt_bb_css_image_grid_item_inner_image\"><img decoding=\"async\" src=\"https:\/\/www.fabjanbrewery.com\/wp-content\/uploads\/2024\/09\/DSC09931-Copy-1-1280x1926.jpg\" data-src-full=\"https:\/\/www.fabjanbrewery.com\/wp-content\/uploads\/2024\/09\/DSC09931-Copy-1-scaled.jpg\" title=\"DSC09931 - Copy (1)\" alt=\"DSC09931 - Copy (1)\"\/><\/div><div class=\"bt_bb_css_image_grid_item_inner_content\"><\/div><\/div><\/div><\/div><\/div><\/div><\/div><\/div><\/div><\/div><\/div><!-- cell_inner --><\/div><!-- cell --><\/div><!-- port --><\/section><section data-bb-version=\"4.9.1\" id=\"bt_bb_section69ef172df3d2e\" class=\"bt_bb_section bt_bb_layout_wide\"  data-bt-override-class=\"null\"><div class=\"bt_bb_port\"><div class=\"bt_bb_cell\"><div class=\"bt_bb_cell_inner\"><div class=\"bt_bb_row bt_bb_row_push_right bt_bb_row_push_left bt_bb_row_width_boxed_1200 bt_bb_row_width_boxed  bt_bb_animation_fade_in animate\"  data-bt-override-class=\"{}\"><div class=\"bt_bb_row_holder\" ><div data-bb-version=\"4.9.1\"  class=\"bt_bb_column col-xxl-8 col-xl-8 col-xs-12 col-sm-12 col-md-12 col-lg-8 bt_bb_vertical_align_top bt_bb_align_left bt_bb_padding_normal\" style=\"; --column-width:8;\" data-width=\"8\" data-bt-override-class=\"{}\"><div class=\"bt_bb_column_content\"><div class=\"bt_bb_column_content_inner\"><div data-bb-version=\"4.9.1\"  class=\"bt_bb_text\" ><\/p>\n<h3>OGLED PIVOVARNE TER DEGUSTACIJA:<\/h3>\n<h6>\u010ce bi nas \u017eeleli obiskati, izvedeti \u0161e malenkost ve\u010d o na\u0161emu delu ter na\u0161ih za\u010detkih, vas vabimo, da nas kontaktirate.<\/h6>\n<p>\u00a0<\/p>\n<h6>Z veseljem, vama razka\u017eeva pivovarno ter razlo\u017eiva postopke na\u0161ega dela. Postre\u017eemo vas z odli\u010dnim pivom ter doma\u010dimi dobrotami.<\/h6>\n<p>\u00a0<\/p>\n<h6>Degustacija piva je primerna samo za polnoletne osebe.<\/h6>\n<p>\u00a0<\/p>\n<p>\u00a0<\/p>\n<p>\n<\/div><\/div><\/div><\/div><div data-bb-version=\"4.9.1\"  class=\"bt_bb_column col-xxl-4 col-xl-4 col-xs-12 col-sm-12 col-md-12 col-lg-4 bt_bb_vertical_align_top bt_bb_align_left bt_bb_padding_normal\" style=\"; --column-width:4;\" data-width=\"4\" data-bt-override-class=\"{}\"><div class=\"bt_bb_column_content\"><div class=\"bt_bb_column_content_inner\"><div data-bb-version=\"4.9.1\"  class=\"bt_bb_text\" ><\/p>\n<h3>POLEG VAM NUDIMO:<\/h3>\n<ul>\n<li>\n<h6>Mo\u017enost najema opreme ter nakup piva v sodih ( privat zabave)<\/h6>\n<\/li>\n<li>\n<h6>Pogostitve na razli\u010dnih dogodkih<\/h6>\n<\/li>\n<li>\n<h6>Darilno pakiranje piv<\/h6>\n<\/li>\n<\/ul>\n<p>\n<\/div><\/div><\/div><\/div><\/div><\/div><\/div><!-- cell_inner --><\/div><!-- cell --><\/div><!-- port --><\/section><\/p>\n","protected":false},"excerpt":{"rendered":"","protected":false},"author":1,"featured_media":53,"parent":0,"menu_order":0,"comment_status":"closed","ping_status":"open","template":"","meta":{"footnotes":""},"class_list":["post-45","page","type-page","status-publish","has-post-thumbnail","hentry"],"_links":{"self":[{"href":"https:\/\/www.fabjanbrewery.com\/index.php?rest_route=\/wp\/v2\/pages\/45","targetHints":{"allow":["GET"]}}],"collection":[{"href":"https:\/\/www.fabjanbrewery.com\/index.php?rest_route=\/wp\/v2\/pages"}],"about":[{"href":"https:\/\/www.fabjanbrewery.com\/index.php?rest_route=\/wp\/v2\/types\/page"}],"author":[{"embeddable":true,"href":"https:\/\/www.fabjanbrewery.com\/index.php?rest_route=\/wp\/v2\/users\/1"}],"replies":[{"embeddable":true,"href":"https:\/\/www.fabjanbrewery.com\/index.php?rest_route=%2Fwp%2Fv2%2Fcomments&post=45"}],"version-history":[{"count":75,"href":"https:\/\/www.fabjanbrewery.com\/index.php?rest_route=\/wp\/v2\/pages\/45\/revisions"}],"predecessor-version":[{"id":14543,"href":"https:\/\/www.fabjanbrewery.com\/index.php?rest_route=\/wp\/v2\/pages\/45\/revisions\/14543"}],"wp:featuredmedia":[{"embeddable":true,"href":"https:\/\/www.fabjanbrewery.com\/index.php?rest_route=\/wp\/v2\/media\/53"}],"wp:attachment":[{"href":"https:\/\/www.fabjanbrewery.com\/index.php?rest_route=%2Fwp%2Fv2%2Fmedia&parent=45"}],"curies":[{"name":"wp","href":"https:\/\/api.w.org\/{rel}","templated":true}]}}